{"id":13734,"date":"2019-06-20T17:38:46","date_gmt":"2019-06-20T23:38:46","guid":{"rendered":"https:\/\/converge-training.colorado.edu\/register\/"},"modified":"2024-05-29T18:25:40","modified_gmt":"2024-05-30T00:25:40","slug":"registre","status":"publish","type":"page","link":"https:\/\/converge-training.colorado.edu\/fr\/registre\/","title":{"rendered":"Registre"},"content":{"rendered":"<div class=\"frm_forms  with_frm_style frm_style_formidable-style\" id=\"frm_form_39_container\" data-token=\"28c18dc52323f874b9e3a67a923dd1e7\">\n<form enctype=\"multipart\/form-data\" method=\"post\" class=\"frm-show-form  frm_js_validate  frm_ajax_submit  frm_pro_form \" id=\"form_new-french-reg-form\" data-token=\"28c18dc52323f874b9e3a67a923dd1e7\">\n<div class=\"frm_form_fields  frm_page_num_1\">\n<fieldset>\n<legend class=\"frm_screen_reader\">New French Module Registration Form<\/legend>\r\n\r\n<div class=\"frm_fields_container\">\n<input type=\"hidden\" name=\"frm_action\" value=\"create\" \/>\n<input type=\"hidden\" name=\"form_id\" value=\"39\" \/>\n<input type=\"hidden\" name=\"frm_hide_fields_39\" id=\"frm_hide_fields_39\" value=\"\" \/>\n<input type=\"hidden\" name=\"form_key\" value=\"new-french-reg-form\" \/>\n<input type=\"hidden\" name=\"item_meta[0]\" value=\"\" \/>\n<input type=\"hidden\" id=\"frm_submit_entry_39\" name=\"frm_submit_entry_39\" value=\"6dd19a4831\" \/><input type=\"hidden\" name=\"_wp_http_referer\" value=\"\/fr\/wp-json\/wp\/v2\/pages\/13734\" \/><div id=\"frm_field_261_container\" class=\"frm_form_field frm_section_heading form-field \">\r\n<h3 class=\"frm_pos_top\">\u00c9tape\u00a01\u00a0: Cr\u00e9er un compte personnel<\/h3>\r\n<div id=\"frm_desc_field_19a984\" class=\"frm_description frm_section_spacing\">Les informations soumises au programme du module de formation CONVERGE seront utilis\u00e9es \u00e0 des fins de certification et de formation. Les informations personnelles ne seront pas partag\u00e9es avec des autres personnes, sauf dans les cas o\u00f9 la l'\u00e9mission, la maintenance et la gestion de la certification l'exigent.\r\n<br \/><br \/>Veuillez cr\u00e9er un compte de module de formation CONVERGE en utilisant votre adresse e-mail pr\u00e9f\u00e9r\u00e9e. D\u00e8s que l'enregistrement du compte est termin\u00e9, vous serez dirig\u00e9 vers une page distincte o\u00f9 vous pourrez acc\u00e9der aux diff\u00e9rents modules de formation. Ce compte vous permettra de choisir le module de formation dans lequel vous souhaitez participer, de reprendre les modules de formation en cours et de suivre votre statut d'ach\u00e8vement. Les informations que vous entrez ici seront \u00e9galement utilis\u00e9es pour g\u00e9n\u00e9rer votre certificat de r\u00e9ussite apr\u00e8s avoir termin\u00e9 le quiz final de 10 questions \u00e0 la fin de chaque module de formation.<br \/><br \/><\/div>\r\n\r\n<div id=\"frm_field_262_container\" class=\"frm_form_field form-field  frm_required_field frm_top_container frm6 frm_first\">\r\n    <label for=\"field_ewmz14\" id=\"field_ewmz14_label\" class=\"frm_primary_label\">Pr\u00e9nom\r\n        <span class=\"frm_required\" aria-hidden=\"true\">*<\/span>\r\n    <\/label>\r\n    <input  type=\"text\" id=\"field_ewmz14\" name=\"item_meta[262]\" value=\"\"  data-sectionid=\"261\"  data-reqmsg=\"Pr\u00e9nom cannot be blank.\" aria-required=\"true\" data-invmsg=\"Text is invalid\" aria-invalid=\"false\"   \/>\r\n    \r\n    \r\n<\/div>\n<div id=\"frm_field_263_container\" class=\"frm_form_field form-field  frm_required_field frm_top_container frm6\">\r\n    <label for=\"field_upekx4\" id=\"field_upekx4_label\" class=\"frm_primary_label\">Nom de famille\r\n        <span class=\"frm_required\" aria-hidden=\"true\">*<\/span>\r\n    <\/label>\r\n    <input  type=\"text\" id=\"field_upekx4\" name=\"item_meta[263]\" value=\"\"  data-sectionid=\"261\"  data-reqmsg=\"Nom de famille cannot be blank.\" aria-required=\"true\" data-invmsg=\"Text is invalid\" aria-invalid=\"false\"   \/>\r\n    \r\n    \r\n<\/div>\n<div id=\"frm_field_264_container\" class=\"frm_form_field form-field  frm_required_field frm_top_container frm6 frm_first\">\r\n    <label for=\"field_948qg4\" id=\"field_948qg4_label\" class=\"frm_primary_label\">Email\r\n        <span class=\"frm_required\" aria-hidden=\"true\">*<\/span>\r\n    <\/label>\r\n    <input type=\"email\" id=\"field_948qg4\" name=\"item_meta[264]\" value=\"\"  data-sectionid=\"261\"  data-reqmsg=\"Email cannot be blank.\" aria-required=\"true\" data-invmsg=\"Email is invalid\" aria-invalid=\"false\"  \/>\r\n    \r\n    \r\n<\/div>\n<div id=\"frm_field_265_container\" class=\"frm_form_field form-field  frm_required_field frm_top_container frm6\">\r\n    <label for=\"field_wk3am4\" id=\"field_wk3am4_label\" class=\"frm_primary_label\">Nom d'utilisateur\r\n        <span class=\"frm_required\" aria-hidden=\"true\">*<\/span>\r\n    <\/label>\r\n    <input  type=\"text\" id=\"field_wk3am4\" name=\"item_meta[265]\" value=\"\"  data-sectionid=\"261\"  data-reqmsg=\"Nom d&#039;utilisateur cannot be blank.\" aria-required=\"true\" data-invmsg=\"Text is invalid\" aria-invalid=\"false\"   aria-describedby=\"frm_desc_field_wk3am4\" \/>\r\n    <div class=\"frm_description\" id=\"frm_desc_field_wk3am4\">Saisissez un nom d'utilisateur court sans espaces ni caract\u00e8res sp\u00e9ciaux.<\/div>\r\n    \r\n<\/div>\n<div id=\"frm_field_266_container\" class=\"frm_form_field form-field  frm_required_field frm_top_container\">\r\n    <label for=\"field_gw0tq4\" id=\"field_gw0tq4_label\" class=\"frm_primary_label\">Mot de passe\r\n        <span class=\"frm_required\" aria-hidden=\"true\">*<\/span>\r\n    <\/label>\r\n    <input type=\"password\" id=\"field_gw0tq4\" name=\"item_meta[266]\" value=\"\"  data-sectionid=\"261\"  data-reqmsg=\"Mot de passe cannot be blank.\" aria-required=\"true\" data-invmsg=\"Password is invalid\" class=\"frm_strong_pass frm_strength_meter\" aria-invalid=\"false\"   aria-describedby=\"frm_desc_field_gw0tq4\"\/><div id=\"frm_password_strength_266\" class=\"frm-password-strength\"><span id=\"frm-pass-eight-char-266\" class=\"frm-pass-req\"><svg  viewBox=\"0 0 20 20\" class=\"frmsvg frm_cancel1_icon failed_svg\">\n\t<title>cancel1<\/title>\n\t<path d=\"M10 0a10 10 0 1 0 0 20 10 10 0 0 0 0-20zm0 18a8 8 0 1 1 0-16 8 8 0 0 1 0 16zm3.6-13L10 8.6 6.4 5 5 6.4 8.6 10 5 13.6 6.4 15l3.6-3.6 3.6 3.6 1.4-1.4-3.6-3.6L15 6.4z\"><\/path>\n<\/svg><svg  viewBox=\"0 0 20 20\" class=\"frmsvg frm_check1_icon passed_svg\">\n\t<title>check1<\/title>\n\t<path d=\"M10 .3a9.7 9.7 0 1 0 0 19.4A9.7 9.7 0 0 0 10 .3zm0 1.9a7.8 7.8 0 1 1 0 15.6 7.8 7.8 0 0 1 0-15.6zm5.5 5l-.9-.8a.5.5 0 0 0-.7 0l-5.5 5.5-2.3-2.4a.5.5 0 0 0-.7 0l-.9.9c-.2.2-.2.5 0 .6l3.6 3.6c.2.2.4.2.6 0L15.5 8c.2-.1.2-.4 0-.6z\"><\/path>\n<\/svg>8 caract\u00e8res minimum<\/span>\r\n<span id=\"frm-pass-lowercase-266\" class=\"frm-pass-req\"><svg  viewBox=\"0 0 20 20\" class=\"frmsvg frm_cancel1_icon failed_svg\">\n\t<title>cancel1<\/title>\n\t<path d=\"M10 0a10 10 0 1 0 0 20 10 10 0 0 0 0-20zm0 18a8 8 0 1 1 0-16 8 8 0 0 1 0 16zm3.6-13L10 8.6 6.4 5 5 6.4 8.6 10 5 13.6 6.4 15l3.6-3.6 3.6 3.6 1.4-1.4-3.6-3.6L15 6.4z\"><\/path>\n<\/svg><svg  viewBox=\"0 0 20 20\" class=\"frmsvg frm_check1_icon passed_svg\">\n\t<title>check1<\/title>\n\t<path d=\"M10 .3a9.7 9.7 0 1 0 0 19.4A9.7 9.7 0 0 0 10 .3zm0 1.9a7.8 7.8 0 1 1 0 15.6 7.8 7.8 0 0 1 0-15.6zm5.5 5l-.9-.8a.5.5 0 0 0-.7 0l-5.5 5.5-2.3-2.4a.5.5 0 0 0-.7 0l-.9.9c-.2.2-.2.5 0 .6l3.6 3.6c.2.2.4.2.6 0L15.5 8c.2-.1.2-.4 0-.6z\"><\/path>\n<\/svg>1 lettre minuscule<\/span>\r\n<span id=\"frm-pass-uppercase-266\" class=\"frm-pass-req\"><svg  viewBox=\"0 0 20 20\" class=\"frmsvg frm_cancel1_icon failed_svg\">\n\t<title>cancel1<\/title>\n\t<path d=\"M10 0a10 10 0 1 0 0 20 10 10 0 0 0 0-20zm0 18a8 8 0 1 1 0-16 8 8 0 0 1 0 16zm3.6-13L10 8.6 6.4 5 5 6.4 8.6 10 5 13.6 6.4 15l3.6-3.6 3.6 3.6 1.4-1.4-3.6-3.6L15 6.4z\"><\/path>\n<\/svg><svg  viewBox=\"0 0 20 20\" class=\"frmsvg frm_check1_icon passed_svg\">\n\t<title>check1<\/title>\n\t<path d=\"M10 .3a9.7 9.7 0 1 0 0 19.4A9.7 9.7 0 0 0 10 .3zm0 1.9a7.8 7.8 0 1 1 0 15.6 7.8 7.8 0 0 1 0-15.6zm5.5 5l-.9-.8a.5.5 0 0 0-.7 0l-5.5 5.5-2.3-2.4a.5.5 0 0 0-.7 0l-.9.9c-.2.2-.2.5 0 .6l3.6 3.6c.2.2.4.2.6 0L15.5 8c.2-.1.2-.4 0-.6z\"><\/path>\n<\/svg>1 lettre majuscule<\/span>\r\n<span id=\"frm-pass-number-266\" class=\"frm-pass-req\"><svg  viewBox=\"0 0 20 20\" class=\"frmsvg frm_cancel1_icon failed_svg\">\n\t<title>cancel1<\/title>\n\t<path d=\"M10 0a10 10 0 1 0 0 20 10 10 0 0 0 0-20zm0 18a8 8 0 1 1 0-16 8 8 0 0 1 0 16zm3.6-13L10 8.6 6.4 5 5 6.4 8.6 10 5 13.6 6.4 15l3.6-3.6 3.6 3.6 1.4-1.4-3.6-3.6L15 6.4z\"><\/path>\n<\/svg><svg  viewBox=\"0 0 20 20\" class=\"frmsvg frm_check1_icon passed_svg\">\n\t<title>check1<\/title>\n\t<path d=\"M10 .3a9.7 9.7 0 1 0 0 19.4A9.7 9.7 0 0 0 10 .3zm0 1.9a7.8 7.8 0 1 1 0 15.6 7.8 7.8 0 0 1 0-15.6zm5.5 5l-.9-.8a.5.5 0 0 0-.7 0l-5.5 5.5-2.3-2.4a.5.5 0 0 0-.7 0l-.9.9c-.2.2-.2.5 0 .6l3.6 3.6c.2.2.4.2.6 0L15.5 8c.2-.1.2-.4 0-.6z\"><\/path>\n<\/svg>1 chiffre<\/span>\r\n<span id=\"frm-pass-special-char-266\" class=\"frm-pass-req\"><svg  viewBox=\"0 0 20 20\" class=\"frmsvg frm_cancel1_icon failed_svg\">\n\t<title>cancel1<\/title>\n\t<path d=\"M10 0a10 10 0 1 0 0 20 10 10 0 0 0 0-20zm0 18a8 8 0 1 1 0-16 8 8 0 0 1 0 16zm3.6-13L10 8.6 6.4 5 5 6.4 8.6 10 5 13.6 6.4 15l3.6-3.6 3.6 3.6 1.4-1.4-3.6-3.6L15 6.4z\"><\/path>\n<\/svg><svg  viewBox=\"0 0 20 20\" class=\"frmsvg frm_check1_icon passed_svg\">\n\t<title>check1<\/title>\n\t<path d=\"M10 .3a9.7 9.7 0 1 0 0 19.4A9.7 9.7 0 0 0 10 .3zm0 1.9a7.8 7.8 0 1 1 0 15.6 7.8 7.8 0 0 1 0-15.6zm5.5 5l-.9-.8a.5.5 0 0 0-.7 0l-5.5 5.5-2.3-2.4a.5.5 0 0 0-.7 0l-.9.9c-.2.2-.2.5 0 .6l3.6 3.6c.2.2.4.2.6 0L15.5 8c.2-.1.2-.4 0-.6z\"><\/path>\n<\/svg>1 caract\u00e8re sp\u00e9cial<\/span>\r\n<\/div>\r\n    <div class=\"frm_description\" id=\"frm_desc_field_gw0tq4\">Remarque\u00a0: Votre mot de passe doit \u00eatre compos\u00e9 de 8 \u00e0 30\u00a0caract\u00e8res, y compris des lettres, des chiffres et des caract\u00e8res sp\u00e9ciaux. Votre mot de passe est sensible \u00e0 la casse.<\/div>\r\n    \r\n<\/div>\n<div id=\"frm_field_conf_266_container\" class=\"frm_form_field frm_none_container frm_conf_field form-field  frm_required_field frm_top_container\">\r\n    <label for=\"field_conf_gw0tq4\" id=\"field_conf_gw0tq4_label\" class=\"frm_conf_label frm_primary_label\">Valider Mot de passe\r\n        <span class=\"frm_required\" aria-hidden=\"true\">*<\/span>\r\n    <\/label>\r\n    <input type=\"password\" id=\"field_conf_gw0tq4\" name=\"item_meta[conf_266]\" value=\"\"  data-sectionid=\"261\"  data-reqmsg=\"Valider Mot de passe cannot be blank.\" aria-required=\"true\" data-confmsg=\"The entered values do not match\" data-invmsg=\"Password is invalid\" class=\"frm_strong_pass frm_strength_meter\" aria-invalid=\"false\"  \/>\r\n    \r\n    \r\n<\/div>\n<div id=\"frm_field_305_container\" class=\"frm_form_field form-field  frm_top_container vertical_radio\">\r\n\t<div  id=\"field_n8kx9_label\" class=\"frm_primary_label\">Inscription par courrier \u00e9lectronique\r\n\t\t<span class=\"frm_required\" aria-hidden=\"true\"><\/span>\r\n\t<\/div>\r\n<div class=\"frm_description\" id=\"frm_desc_field_n8kx9\">Merci d'ajouter mon email pour recevoir des nouvelles de CONVERGE.<\/div>\r\n\t<div class=\"frm_opt_container\" aria-labelledby=\"field_n8kx9_label\" role=\"group\">\t\t<div class=\"frm_checkbox\" id=\"frm_checkbox_305-261-0\">\t\t\t<label  for=\"field_n8kx9-0\">\n\t\t\t<input type=\"checkbox\" name=\"item_meta[305][]\" id=\"field_n8kx9-0\" value=\"Oui\"  data-sectionid=\"261\"  data-invmsg=\"Inscription par courrier \u00e9lectronique est non valide\"   \/> Oui<\/label><\/div>\n<\/div>\t\r\n\t\r\n<\/div>\n<\/div>\n<input type=\"hidden\" name=\"frm_page_order_39\" id=\"frm_page_order_39\" value=\"15\" \/>\t\t<input  type=\"hidden\" name=\"item_meta[269]\" id=\"field_yxt874\" value=\"\"     \/>\n\t\t\t\t<input  type=\"hidden\" name=\"item_meta[302]\" id=\"field_e77hr\" value=\"\"  data-sectionid=\"269\"     \/>\n\t\t\t\t<input  type=\"hidden\" name=\"item_meta[303]\" id=\"field_68tdi\" value=\"\"  data-sectionid=\"269\"     \/>\n\t\t\t\t<input  type=\"hidden\" name=\"item_meta[273]\" id=\"field_c978c4\" value=\"\"     \/>\n\t\t\t\t<input  type=\"hidden\" name=\"item_meta[274]\" id=\"field_eppl04\" value=\"\"     \/>\n\t\t\t\t<input  type=\"hidden\" name=\"item_meta[275]\" id=\"field_m6gib4\" value=\"\"     \/>\n\t\t\t\t<input  type=\"hidden\" name=\"item_meta[276]\" id=\"field_dzutl4-0\" value=\"\"  data-sectionid=\"275\"     \/>\n\t\t\t\t<input  type=\"hidden\" name=\"item_meta[277]\" id=\"field_cum0s4\" value=\"\"  data-sectionid=\"275\"     \/>\n\t\t\t\t<input  type=\"hidden\" name=\"item_meta[278]\" id=\"field_endd64\" value=\"\"  data-sectionid=\"275\"     \/>\n\t\t\t\t<input  type=\"hidden\" name=\"item_meta[279]\" id=\"field_fbe4j3\" value=\"\"  data-sectionid=\"275\"     \/>\n\t\t\t\t<input  type=\"hidden\" name=\"item_meta[280]\" id=\"field_jeh5f4-0\" value=\"\"  data-sectionid=\"275\"     \/>\n\t\t\t\t<input  type=\"hidden\" name=\"item_meta[281]\" id=\"field_41hem4-0\" value=\"\"  data-sectionid=\"275\"     \/>\n\t\t\t\t<input  type=\"hidden\" name=\"item_meta[308]\" id=\"field_n6xpw\" value=\"\"  data-sectionid=\"275\"     \/>\n\t\t\t\t<input  type=\"hidden\" name=\"item_meta[283]\" id=\"field_uh1j4-0\" value=\"\"  data-sectionid=\"275\"     \/>\n\t\t\t\t<input  type=\"hidden\" name=\"item_meta[284]\" id=\"field_t727p4\" value=\"\"     \/>\n\t\t\t\t<input  type=\"hidden\" name=\"item_meta[285]\" id=\"field_f6uzp4\" value=\"\"     \/>\n\t\t\t\t<input  type=\"hidden\" name=\"item_meta[286]\" id=\"field_vcfo14\" value=\"\"     \/>\n\t\t\t\t<input  type=\"hidden\" name=\"item_meta[287]\" id=\"field_8qxex4-0\" value=\"\"  data-sectionid=\"286\"     \/>\n\t\t\t\t<input  type=\"hidden\" name=\"item_meta[288]\" id=\"field_3ca694-0\" value=\"\"  data-sectionid=\"286\"     \/>\n\t\t\t\t<input  type=\"hidden\" name=\"item_meta[289]\" id=\"field_xb55q3\" value=\"\"  data-sectionid=\"286\"     \/>\n\t\t\t\t<input  type=\"hidden\" name=\"item_meta[290]\" id=\"field_5hxak4-0\" value=\"\"  data-sectionid=\"286\"     \/>\n\t\t\t\t<input  type=\"hidden\" name=\"item_meta[291]\" id=\"field_dho9j4\" value=\"\"  data-sectionid=\"286\"     \/>\n\t\t\t\t<input  type=\"hidden\" name=\"item_meta[307]\" id=\"field_4o9e2\" value=\"\"  data-sectionid=\"286\"     \/>\n\t\t\t\t<input  type=\"hidden\" name=\"item_meta[293]\" id=\"field_kuekj4\" value=\"\"     \/>\n\t\t\t\t<input  type=\"hidden\" name=\"item_meta[294]\" id=\"field_cv3p84\" value=\"\"     \/>\n\t\t\t\t<input  type=\"hidden\" name=\"item_meta[295]\" id=\"field_e1oqj4\" value=\"\"     \/>\n\t\t\t\t<input  type=\"hidden\" name=\"item_meta[296]\" id=\"field_qgzll4-0\" value=\"\"  data-sectionid=\"295\"     \/>\n\t\t\t\t<input  type=\"hidden\" name=\"item_meta[297]\" id=\"field_reyvx4-0\" value=\"\"  data-sectionid=\"295\"     \/>\n\t\t\t\t<input  type=\"hidden\" name=\"item_meta[298]\" id=\"field_ewdjy4\" value=\"\"  data-sectionid=\"295\"     \/>\n\t\t\t\t<input  type=\"hidden\" name=\"item_meta[299]\" id=\"field_uelxg4\" value=\"\"     \/>\n\t\t<input type=\"hidden\" name=\"item_meta[300]\" id=\"field_5aczt4\" value=\"\" data-frmval=\"\"\/>\n\t\t<input  type=\"hidden\" name=\"item_meta[301]\" id=\"field_9ars7\" value=\"\"     \/>\n\t\t\t\t<input  type=\"hidden\" name=\"item_meta[10001]\" id=\"field_10001\" value=\"0\"  data-frmval=\"0\"   \/>\n\t\t\t\t<input  type=\"hidden\" name=\"item_meta[10002]\" id=\"field_10002\" value=\"0\"  data-frmval=\"0\"   \/>\n\t\t\t\t<input  type=\"hidden\" name=\"item_meta[10003]\" id=\"field_10003\" value=\"0\"  data-frmval=\"0\"   \/>\n\t\t\t<input type=\"hidden\" name=\"item_key\" value=\"\" \/>\n\t\t\t<div id=\"frm_field_317_container\">\n\t\t\t<label for=\"field_xecsr\" >\n\t\t\t\tSi vous \u00eates un humain, ne remplissez pas ce champ.\t\t\t<\/label>\n\t\t\t<input  id=\"field_xecsr\" type=\"text\" class=\"frm_form_field form-field frm_verify\" name=\"item_meta[317]\" value=\"\"  \/>\n\t\t<\/div>\n\t\t<input type=\"hidden\" name=\"frm_register[email]\" value=\"264\"\/>\n<input type=\"hidden\" name=\"frm_register[username]\" value=\"265\"\/>\n<input type=\"hidden\" name=\"frm_register[password]\" value=\"266\"\/>\n<input type=\"hidden\" name=\"frm_register[subsite_title]\" value=\"username\"\/>\n<input type=\"hidden\" name=\"frm_register[subsite_domain]\" value=\"blog_title\"\/>\n<input name=\"frm_state\" type=\"hidden\" value=\"bKEgbrL4YCpriXs9GLFXeK8A7NCyOSY7fzHLfUNnnaqxidZmvW1hdI0w9Ncsc8X4\" \/><div class=\"frm_submit\">\r\n\r\n<button class=\"frm_button_submit\" type=\"submit\"   formnovalidate=\"formnovalidate\">Suivante<\/button>\r\n\r\n\r\n<\/div><\/div>\n<\/fieldset>\n<\/div>\n\n<\/form>\n<\/div>\n\n","protected":false},"excerpt":{"rendered":"","protected":false},"author":4,"featured_media":0,"parent":0,"menu_order":0,"comment_status":"closed","ping_status":"closed","template":"template_builder.php","meta":{"_acf_changed":false,"_coblocks_attr":"","_coblocks_dimensions":"","_coblocks_responsive_height":"","_coblocks_accordion_ie_support":"","_uag_custom_page_level_css":"","footnotes":""},"class_list":["post-13734","page","type-page","status-publish","hentry","has-blocks"],"featured_image_src":null,"acf":[],"yoast_head":"<!-- This site is optimized with the Yoast SEO plugin v27.5 - https:\/\/yoast.com\/product\/yoast-seo-wordpress\/ -->\n<title>Registre - CONVERGE Training Modules<\/title>\n<meta name=\"robots\" content=\"noindex, follow\" \/>\n<meta property=\"og:locale\" content=\"fr_FR\" \/>\n<meta property=\"og:type\" content=\"article\" \/>\n<meta property=\"og:title\" content=\"Registre - CONVERGE Training Modules\" \/>\n<meta property=\"og:url\" content=\"https:\/\/converge-training.colorado.edu\/fr\/registre\/\" \/>\n<meta property=\"og:site_name\" content=\"CONVERGE Training Modules Home\" \/>\n<meta property=\"article:modified_time\" content=\"2024-05-30T00:25:40+00:00\" \/>\n<meta name=\"twitter:card\" content=\"summary_large_image\" \/>\n<meta name=\"twitter:label1\" content=\"Dur\u00e9e de lecture estim\u00e9e\" \/>\n\t<meta name=\"twitter:data1\" content=\"1 minute\" \/>\n<script type=\"application\/ld+json\" class=\"yoast-schema-graph\">{\"@context\":\"https:\\\/\\\/schema.org\",\"@graph\":[{\"@type\":\"WebPage\",\"@id\":\"https:\\\/\\\/converge-training.colorado.edu\\\/fr\\\/registre\\\/\",\"url\":\"https:\\\/\\\/converge-training.colorado.edu\\\/fr\\\/registre\\\/\",\"name\":\"Registre - CONVERGE Training Modules\",\"isPartOf\":{\"@id\":\"https:\\\/\\\/converge-training.colorado.edu\\\/#website\"},\"datePublished\":\"2019-06-20T23:38:46+00:00\",\"dateModified\":\"2024-05-30T00:25:40+00:00\",\"breadcrumb\":{\"@id\":\"https:\\\/\\\/converge-training.colorado.edu\\\/fr\\\/registre\\\/#breadcrumb\"},\"inLanguage\":\"fr-FR\",\"potentialAction\":[{\"@type\":\"ReadAction\",\"target\":[\"https:\\\/\\\/converge-training.colorado.edu\\\/fr\\\/registre\\\/\"]}]},{\"@type\":\"BreadcrumbList\",\"@id\":\"https:\\\/\\\/converge-training.colorado.edu\\\/fr\\\/registre\\\/#breadcrumb\",\"itemListElement\":[{\"@type\":\"ListItem\",\"position\":1,\"name\":\"Home\",\"item\":\"https:\\\/\\\/converge-training.colorado.edu\\\/fr\\\/\"},{\"@type\":\"ListItem\",\"position\":2,\"name\":\"Registre\"}]},{\"@type\":\"WebSite\",\"@id\":\"https:\\\/\\\/converge-training.colorado.edu\\\/#website\",\"url\":\"https:\\\/\\\/converge-training.colorado.edu\\\/\",\"name\":\"CONVERGE Training Modules Home\",\"description\":\"All-hazards approach grounded in cutting edge research\",\"potentialAction\":[{\"@type\":\"SearchAction\",\"target\":{\"@type\":\"EntryPoint\",\"urlTemplate\":\"https:\\\/\\\/converge-training.colorado.edu\\\/?s={search_term_string}\"},\"query-input\":{\"@type\":\"PropertyValueSpecification\",\"valueRequired\":true,\"valueName\":\"search_term_string\"}}],\"inLanguage\":\"fr-FR\"}]}<\/script>\n<!-- \/ Yoast SEO plugin. -->","yoast_head_json":{"title":"Registre - CONVERGE Training Modules","robots":{"index":"noindex","follow":"follow"},"og_locale":"fr_FR","og_type":"article","og_title":"Registre - CONVERGE Training Modules","og_url":"https:\/\/converge-training.colorado.edu\/fr\/registre\/","og_site_name":"CONVERGE Training Modules Home","article_modified_time":"2024-05-30T00:25:40+00:00","twitter_card":"summary_large_image","twitter_misc":{"Dur\u00e9e de lecture estim\u00e9e":"1 minute"},"schema":{"@context":"https:\/\/schema.org","@graph":[{"@type":"WebPage","@id":"https:\/\/converge-training.colorado.edu\/fr\/registre\/","url":"https:\/\/converge-training.colorado.edu\/fr\/registre\/","name":"Registre - CONVERGE Training Modules","isPartOf":{"@id":"https:\/\/converge-training.colorado.edu\/#website"},"datePublished":"2019-06-20T23:38:46+00:00","dateModified":"2024-05-30T00:25:40+00:00","breadcrumb":{"@id":"https:\/\/converge-training.colorado.edu\/fr\/registre\/#breadcrumb"},"inLanguage":"fr-FR","potentialAction":[{"@type":"ReadAction","target":["https:\/\/converge-training.colorado.edu\/fr\/registre\/"]}]},{"@type":"BreadcrumbList","@id":"https:\/\/converge-training.colorado.edu\/fr\/registre\/#breadcrumb","itemListElement":[{"@type":"ListItem","position":1,"name":"Home","item":"https:\/\/converge-training.colorado.edu\/fr\/"},{"@type":"ListItem","position":2,"name":"Registre"}]},{"@type":"WebSite","@id":"https:\/\/converge-training.colorado.edu\/#website","url":"https:\/\/converge-training.colorado.edu\/","name":"CONVERGE Training Modules Home","description":"All-hazards approach grounded in cutting edge research","potentialAction":[{"@type":"SearchAction","target":{"@type":"EntryPoint","urlTemplate":"https:\/\/converge-training.colorado.edu\/?s={search_term_string}"},"query-input":{"@type":"PropertyValueSpecification","valueRequired":true,"valueName":"search_term_string"}}],"inLanguage":"fr-FR"}]}},"uagb_featured_image_src":{"full":false,"thumbnail":false,"medium":false,"medium_large":false,"large":false,"1536x1536":false,"2048x2048":false,"tb_x_large":false,"tb_large":false,"tb_medium":false,"tb_thumb":false,"tb_grid":false,"tb_square_x_large":false,"tb_square_large":false,"tb_square_medium":false,"tb_square_small":false,"slider-x-large":false,"slider-large":false,"slider-medium":false,"slider-staged":false},"uagb_author_info":{"display_name":"Angela Bowman","author_link":"https:\/\/converge-training.colorado.edu\/fr\/author\/angela\/"},"uagb_comment_info":0,"uagb_excerpt":null,"_links":{"self":[{"href":"https:\/\/converge-training.colorado.edu\/fr\/wp-json\/wp\/v2\/pages\/13734","targetHints":{"allow":["GET"]}}],"collection":[{"href":"https:\/\/converge-training.colorado.edu\/fr\/wp-json\/wp\/v2\/pages"}],"about":[{"href":"https:\/\/converge-training.colorado.edu\/fr\/wp-json\/wp\/v2\/types\/page"}],"author":[{"embeddable":true,"href":"https:\/\/converge-training.colorado.edu\/fr\/wp-json\/wp\/v2\/users\/4"}],"replies":[{"embeddable":true,"href":"https:\/\/converge-training.colorado.edu\/fr\/wp-json\/wp\/v2\/comments?post=13734"}],"version-history":[{"count":6,"href":"https:\/\/converge-training.colorado.edu\/fr\/wp-json\/wp\/v2\/pages\/13734\/revisions"}],"predecessor-version":[{"id":17363,"href":"https:\/\/converge-training.colorado.edu\/fr\/wp-json\/wp\/v2\/pages\/13734\/revisions\/17363"}],"wp:attachment":[{"href":"https:\/\/converge-training.colorado.edu\/fr\/wp-json\/wp\/v2\/media?parent=13734"}],"curies":[{"name":"wp","href":"https:\/\/api.w.org\/{rel}","templated":true}]}}